{"id":1420,"date":"2023-02-19T11:28:08","date_gmt":"2023-02-19T10:28:08","guid":{"rendered":"http:\/\/pokergeek.be\/?page_id=1420"},"modified":"2025-08-10T10:09:03","modified_gmt":"2025-08-10T08:09:03","slug":"comment-installer-pokergeek-app","status":"publish","type":"page","link":"https:\/\/pokergeek.be\/index.php\/comment-installer-pokergeek-app\/","title":{"rendered":"Comment installer POKERGEEK APP ? (ANDROID)"},"content":{"rendered":"\n<p>(<a href=\"https:\/\/pokergeek.be\/index.php\/hoe-pokergeek-be-op-gsm-te-installeren\/\" data-type=\"URL\" data-id=\"https:\/\/pokergeek.be\/index.php\/hoe-pokergeek-be-op-gsm-te-installeren\/\">NL<\/a>) &#8211; (<a href=\"https:\/\/pokergeek.be\/index.php\/how-to-install-pokerbeek-app\/\" data-type=\"URL\" data-id=\"https:\/\/pokergeek.be\/index.php\/how-to-install-pokerbeek-app\/\">EN<\/a>)<\/p>\n\n\n\n<p><\/p>\n\n\n\n<p>Ouvrez votre navigateur (Google Chrome)<br>et cliquez l&rsquo;adresse (URL) suivante : <\/p>\n\n\n\n<div class=\"wp-block-buttons is-layout-flex wp-block-buttons-is-layout-flex\">\n<div class=\"wp-block-button\"><a class=\"wp-block-button__link wp-element-button\" href=\"http:\/\/app.pokergeek.be\" target=\"_blank\" rel=\"noreferrer noopener\">http:\/\/app.pokergeek.be<\/a><\/div>\n<\/div>\n\n\n\n<p><\/p>\n\n\n\n<p>Une fois l&rsquo;application t\u00e9l\u00e9charg\u00e9e, vous pouvez sauvegarder celle-ci sur votre GSM.<br>Cliquez sur le menu d&rsquo;options <\/p>\n\n\n\n<figure class=\"wp-block-image size-full\"><img loading=\"lazy\" decoding=\"async\" width=\"69\" height=\"81\" src=\"https:\/\/pokergeek.be\/wp-content\/uploads\/2023\/02\/image-1.png\" alt=\"\" class=\"wp-image-1422\"\/><\/figure>\n\n\n\n<p>Un menu d&rsquo;options s&rsquo;ouvre<\/p>\n\n\n\n<figure class=\"wp-block-table is-style-stripes\"><table><tbody><tr><td><img decoding=\"async\" src=\"https:\/\/pokergeek.be\/wp-content\/uploads\/2023\/02\/image-3-518x1024.png\" alt=\"\" style=\"width: 200px;\"><\/td><td><\/td><\/tr><tr><td><\/td><td><\/td><\/tr><\/tbody><\/table><\/figure>\n\n\n\n<p>S\u00e9lectionnez l&rsquo;option \u00ab\u00a0Installer l&rsquo;application\u00a0\u00bb<\/p>\n\n\n\n<figure class=\"wp-block-image size-full is-resized\"><img loading=\"lazy\" decoding=\"async\" width=\"720\" height=\"96\" src=\"https:\/\/pokergeek.be\/wp-content\/uploads\/2023\/02\/image-2.png\" alt=\"\" class=\"wp-image-1423\" style=\"width:320px;height:43px\" srcset=\"https:\/\/pokergeek.be\/wp-content\/uploads\/2023\/02\/image-2.png 720w, https:\/\/pokergeek.be\/wp-content\/uploads\/2023\/02\/image-2-300x40.png 300w\" sizes=\"auto, (max-width: 720px) 100vw, 720px\" \/><\/figure>\n\n\n\n<p>Confirmer l&rsquo;installation en cliquant sur \u00ab\u00a0Installer\u00a0\u00bb<\/p>\n\n\n\n<figure class=\"wp-block-image size-large is-resized\"><img loading=\"lazy\" decoding=\"async\" width=\"1024\" height=\"649\" src=\"https:\/\/pokergeek.be\/wp-content\/uploads\/2023\/02\/image-4-1024x649.png\" alt=\"\" class=\"wp-image-1425\" style=\"width:366px;height:232px\" srcset=\"https:\/\/pokergeek.be\/wp-content\/uploads\/2023\/02\/image-4-1024x649.png 1024w, https:\/\/pokergeek.be\/wp-content\/uploads\/2023\/02\/image-4-300x190.png 300w, https:\/\/pokergeek.be\/wp-content\/uploads\/2023\/02\/image-4-768x487.png 768w, https:\/\/pokergeek.be\/wp-content\/uploads\/2023\/02\/image-4.png 1080w\" sizes=\"auto, (max-width: 1024px) 100vw, 1024px\" \/><\/figure>\n\n\n\n<p>Vous pouvez quitter le navigateur et vous rendre sur la page de vos applications.<\/p>\n\n\n\n<p>PokerGeek.be est alors pr\u00e9sent\u00e9 dans la liste de vos applications.<\/p>\n\n\n\n<figure class=\"wp-block-image size-large is-resized\"><img loading=\"lazy\" decoding=\"async\" width=\"1024\" height=\"953\" src=\"https:\/\/pokergeek.be\/wp-content\/uploads\/2023\/02\/image-5-1024x953.png\" alt=\"\" class=\"wp-image-1426\" style=\"width:370px;height:343px\" srcset=\"https:\/\/pokergeek.be\/wp-content\/uploads\/2023\/02\/image-5-1024x953.png 1024w, https:\/\/pokergeek.be\/wp-content\/uploads\/2023\/02\/image-5-300x279.png 300w, https:\/\/pokergeek.be\/wp-content\/uploads\/2023\/02\/image-5-768x715.png 768w, https:\/\/pokergeek.be\/wp-content\/uploads\/2023\/02\/image-5.png 1080w\" sizes=\"auto, (max-width: 1024px) 100vw, 1024px\" \/><\/figure>\n\n\n\n<p>Cliquez sur l&rsquo;ic\u00f4ne de Pokergeek.be pour l&rsquo;ouvrir.<\/p>\n\n\n\n<figure class=\"wp-block-image size-large is-resized\"><img loading=\"lazy\" decoding=\"async\" width=\"1024\" height=\"489\" src=\"https:\/\/pokergeek.be\/wp-content\/uploads\/2023\/02\/image-6-1024x489.png\" alt=\"\" class=\"wp-image-1427\" style=\"width:374px;height:179px\" srcset=\"https:\/\/pokergeek.be\/wp-content\/uploads\/2023\/02\/image-6-1024x489.png 1024w, https:\/\/pokergeek.be\/wp-content\/uploads\/2023\/02\/image-6-300x143.png 300w, https:\/\/pokergeek.be\/wp-content\/uploads\/2023\/02\/image-6-768x367.png 768w, https:\/\/pokergeek.be\/wp-content\/uploads\/2023\/02\/image-6.png 1080w\" sizes=\"auto, (max-width: 1024px) 100vw, 1024px\" \/><\/figure>\n\n\n\n<p>Les menus de Chrome n&rsquo;appara\u00eetront plus dans le navigateur, et vous b\u00e9n\u00e9ficierez de l&rsquo;ensemble des fonctionnalit\u00e9s de Pokergeek.<\/p>\n\n\n\n<p>N&rsquo;oubliez pas de s\u00e9lectionner \u00ab\u00a0Rester connecter\u00a0\u00bb<br><br>Bon amusement.<\/p>\n\n\n\n<p><\/p>\n\n\n\n<p><\/p>\n","protected":false},"excerpt":{"rendered":"<p>(NL) &#8211; (EN) Ouvrez votre navigateur (Google Chrome)et cliquez l&rsquo;adresse (URL) suivante : Une fois l&rsquo;application t\u00e9l\u00e9charg\u00e9e, vous pouvez sauvegarder celle-ci sur votre GSM.Cliquez sur le menu d&rsquo;options Un menu d&rsquo;options s&rsquo;ouvre S\u00e9lectionnez l&rsquo;option \u00ab\u00a0Installer l&rsquo;application\u00a0\u00bb Confirmer l&rsquo;installation en cliquant sur \u00ab\u00a0Installer\u00a0\u00bb Vous pouvez quitter le navigateur et vous rendre sur la page de vos [&hellip;]<\/p>\n","protected":false},"author":1,"featured_media":0,"parent":0,"menu_order":0,"comment_status":"closed","ping_status":"closed","template":"","meta":{"_monsterinsights_skip_tracking":false,"_monsterinsights_sitenote_active":false,"_monsterinsights_sitenote_note":"","_monsterinsights_sitenote_category":0,"footnotes":""},"class_list":["post-1420","page","type-page","status-publish","hentry"],"_links":{"self":[{"href":"https:\/\/pokergeek.be\/index.php\/wp-json\/wp\/v2\/pages\/1420","targetHints":{"allow":["GET"]}}],"collection":[{"href":"https:\/\/pokergeek.be\/index.php\/wp-json\/wp\/v2\/pages"}],"about":[{"href":"https:\/\/pokergeek.be\/index.php\/wp-json\/wp\/v2\/types\/page"}],"author":[{"embeddable":true,"href":"https:\/\/pokergeek.be\/index.php\/wp-json\/wp\/v2\/users\/1"}],"replies":[{"embeddable":true,"href":"https:\/\/pokergeek.be\/index.php\/wp-json\/wp\/v2\/comments?post=1420"}],"version-history":[{"count":10,"href":"https:\/\/pokergeek.be\/index.php\/wp-json\/wp\/v2\/pages\/1420\/revisions"}],"predecessor-version":[{"id":1940,"href":"https:\/\/pokergeek.be\/index.php\/wp-json\/wp\/v2\/pages\/1420\/revisions\/1940"}],"wp:attachment":[{"href":"https:\/\/pokergeek.be\/index.php\/wp-json\/wp\/v2\/media?parent=1420"}],"curies":[{"name":"wp","href":"https:\/\/api.w.org\/{rel}","templated":true}]}}