{"id":1481,"date":"2023-03-13T22:23:22","date_gmt":"2023-03-13T21:23:22","guid":{"rendered":"http:\/\/pokergeek.be\/?page_id=1481"},"modified":"2025-08-10T10:21:27","modified_gmt":"2025-08-10T08:21:27","slug":"comment-installer-pokergeek-app-apple","status":"publish","type":"page","link":"https:\/\/pokergeek.be\/index.php\/comment-installer-pokergeek-app-apple\/","title":{"rendered":"Comment installer POKERGEEK APP ? (APPLE)"},"content":{"rendered":"\n<p>Rendez vous sur <\/p>\n\n\n\n<div class=\"wp-block-buttons is-layout-flex wp-block-buttons-is-layout-flex\">\n<div class=\"wp-block-button\"><a class=\"wp-block-button__link wp-element-button\" href=\"http:\/\/app.pokergeek.be\">http:\/\/app.pokergeek.be<\/a><\/div>\n<\/div>\n\n\n\n<p>Dans le menu de gauche (Hamburger), cliquez sur \u00ab\u00a0Install App\u00a0\u00bb<\/p>\n\n\n\n<figure class=\"wp-block-image size-large is-resized\"><img loading=\"lazy\" decoding=\"async\" width=\"473\" height=\"1024\" src=\"https:\/\/pokergeek.be\/wp-content\/uploads\/2023\/03\/unnamed-1-473x1024.png\" alt=\"\" class=\"wp-image-1483\" style=\"width:204px;height:442px\" srcset=\"https:\/\/pokergeek.be\/wp-content\/uploads\/2023\/03\/unnamed-1-473x1024.png 473w, https:\/\/pokergeek.be\/wp-content\/uploads\/2023\/03\/unnamed-1-139x300.png 139w, https:\/\/pokergeek.be\/wp-content\/uploads\/2023\/03\/unnamed-1-768x1662.png 768w, https:\/\/pokergeek.be\/wp-content\/uploads\/2023\/03\/unnamed-1-710x1536.png 710w, https:\/\/pokergeek.be\/wp-content\/uploads\/2023\/03\/unnamed-1-946x2048.png 946w, https:\/\/pokergeek.be\/wp-content\/uploads\/2023\/03\/unnamed-1.png 1170w\" sizes=\"auto, (max-width: 473px) 100vw, 473px\" \/><\/figure>\n\n\n\n<p>Cliquez sur l&rsquo;Icone (carr\u00e9 avec une fl\u00e8che), dans le bas de l&rsquo;\u00e9cran.<\/p>\n\n\n\n<figure class=\"wp-block-image size-large is-resized\"><img loading=\"lazy\" decoding=\"async\" width=\"473\" height=\"1024\" src=\"https:\/\/pokergeek.be\/wp-content\/uploads\/2023\/03\/IMG-4780-473x1024.png\" alt=\"\" class=\"wp-image-1484\" style=\"width:209px;height:452px\" srcset=\"https:\/\/pokergeek.be\/wp-content\/uploads\/2023\/03\/IMG-4780-473x1024.png 473w, https:\/\/pokergeek.be\/wp-content\/uploads\/2023\/03\/IMG-4780-139x300.png 139w, https:\/\/pokergeek.be\/wp-content\/uploads\/2023\/03\/IMG-4780-768x1662.png 768w, https:\/\/pokergeek.be\/wp-content\/uploads\/2023\/03\/IMG-4780-710x1536.png 710w, https:\/\/pokergeek.be\/wp-content\/uploads\/2023\/03\/IMG-4780-946x2048.png 946w, https:\/\/pokergeek.be\/wp-content\/uploads\/2023\/03\/IMG-4780.png 1170w\" sizes=\"auto, (max-width: 473px) 100vw, 473px\" \/><\/figure>\n\n\n\n<p>Ensuite, scrollez dans le bas du menu pour s\u00e9lectionner (Install to Home Screen)<br>(Carr\u00e9 avec une croix)<\/p>\n\n\n\n<figure class=\"wp-block-image size-large is-resized\"><img loading=\"lazy\" decoding=\"async\" width=\"473\" height=\"1024\" src=\"https:\/\/pokergeek.be\/wp-content\/uploads\/2023\/03\/IMG-4781-473x1024.png\" alt=\"\" class=\"wp-image-1485\" style=\"width:207px;height:448px\" srcset=\"https:\/\/pokergeek.be\/wp-content\/uploads\/2023\/03\/IMG-4781-473x1024.png 473w, https:\/\/pokergeek.be\/wp-content\/uploads\/2023\/03\/IMG-4781-139x300.png 139w, https:\/\/pokergeek.be\/wp-content\/uploads\/2023\/03\/IMG-4781-768x1662.png 768w, https:\/\/pokergeek.be\/wp-content\/uploads\/2023\/03\/IMG-4781-710x1536.png 710w, https:\/\/pokergeek.be\/wp-content\/uploads\/2023\/03\/IMG-4781-946x2048.png 946w, https:\/\/pokergeek.be\/wp-content\/uploads\/2023\/03\/IMG-4781.png 1170w\" sizes=\"auto, (max-width: 473px) 100vw, 473px\" \/><\/figure>\n\n\n\n<figure class=\"wp-block-image size-large is-resized\"><img loading=\"lazy\" decoding=\"async\" width=\"473\" height=\"1024\" src=\"https:\/\/pokergeek.be\/wp-content\/uploads\/2023\/03\/IMG_5415-473x1024.png\" alt=\"\" class=\"wp-image-1486\" style=\"width:208px;height:450px\" srcset=\"https:\/\/pokergeek.be\/wp-content\/uploads\/2023\/03\/IMG_5415-473x1024.png 473w, https:\/\/pokergeek.be\/wp-content\/uploads\/2023\/03\/IMG_5415-139x300.png 139w, https:\/\/pokergeek.be\/wp-content\/uploads\/2023\/03\/IMG_5415-768x1662.png 768w, https:\/\/pokergeek.be\/wp-content\/uploads\/2023\/03\/IMG_5415-710x1536.png 710w, https:\/\/pokergeek.be\/wp-content\/uploads\/2023\/03\/IMG_5415-946x2048.png 946w, https:\/\/pokergeek.be\/wp-content\/uploads\/2023\/03\/IMG_5415.png 1170w\" sizes=\"auto, (max-width: 473px) 100vw, 473px\" \/><\/figure>\n\n\n\n<p>Cliquez sur pokergeek.be<\/p>\n\n\n\n<figure class=\"wp-block-image size-large is-resized\"><img loading=\"lazy\" decoding=\"async\" width=\"473\" height=\"1024\" src=\"https:\/\/pokergeek.be\/wp-content\/uploads\/2023\/03\/IMG-4782-473x1024.png\" alt=\"\" class=\"wp-image-1487\" style=\"width:206px;height:446px\" srcset=\"https:\/\/pokergeek.be\/wp-content\/uploads\/2023\/03\/IMG-4782-473x1024.png 473w, https:\/\/pokergeek.be\/wp-content\/uploads\/2023\/03\/IMG-4782-139x300.png 139w, https:\/\/pokergeek.be\/wp-content\/uploads\/2023\/03\/IMG-4782-768x1662.png 768w, https:\/\/pokergeek.be\/wp-content\/uploads\/2023\/03\/IMG-4782-710x1536.png 710w, https:\/\/pokergeek.be\/wp-content\/uploads\/2023\/03\/IMG-4782-946x2048.png 946w, https:\/\/pokergeek.be\/wp-content\/uploads\/2023\/03\/IMG-4782.png 1170w\" sizes=\"auto, (max-width: 473px) 100vw, 473px\" \/><\/figure>\n\n\n\n<p>Cliquez sur \u00ab\u00a0Ajouter\u00a0\u00bb en haut de l&rsquo;\u00e9cran<\/p>\n\n\n\n<figure class=\"wp-block-image size-large is-resized\"><img loading=\"lazy\" decoding=\"async\" width=\"473\" height=\"1024\" src=\"https:\/\/pokergeek.be\/wp-content\/uploads\/2023\/03\/IMG-4783-473x1024.png\" alt=\"\" class=\"wp-image-1488\" style=\"width:205px;height:444px\" srcset=\"https:\/\/pokergeek.be\/wp-content\/uploads\/2023\/03\/IMG-4783-473x1024.png 473w, https:\/\/pokergeek.be\/wp-content\/uploads\/2023\/03\/IMG-4783-139x300.png 139w, https:\/\/pokergeek.be\/wp-content\/uploads\/2023\/03\/IMG-4783-768x1662.png 768w, https:\/\/pokergeek.be\/wp-content\/uploads\/2023\/03\/IMG-4783-710x1536.png 710w, https:\/\/pokergeek.be\/wp-content\/uploads\/2023\/03\/IMG-4783-946x2048.png 946w, https:\/\/pokergeek.be\/wp-content\/uploads\/2023\/03\/IMG-4783.png 1170w\" sizes=\"auto, (max-width: 473px) 100vw, 473px\" \/><\/figure>\n\n\n\n<p>L&rsquo;application POKERGEEK.BE est install\u00e9e<\/p>\n\n\n\n<figure class=\"wp-block-image size-large is-resized\"><img loading=\"lazy\" decoding=\"async\" width=\"473\" height=\"1024\" src=\"https:\/\/pokergeek.be\/wp-content\/uploads\/2023\/03\/IMG-4784-473x1024.png\" alt=\"\" class=\"wp-image-1489\" style=\"width:209px;height:452px\" srcset=\"https:\/\/pokergeek.be\/wp-content\/uploads\/2023\/03\/IMG-4784-473x1024.png 473w, https:\/\/pokergeek.be\/wp-content\/uploads\/2023\/03\/IMG-4784-139x300.png 139w, https:\/\/pokergeek.be\/wp-content\/uploads\/2023\/03\/IMG-4784-768x1662.png 768w, https:\/\/pokergeek.be\/wp-content\/uploads\/2023\/03\/IMG-4784-710x1536.png 710w, https:\/\/pokergeek.be\/wp-content\/uploads\/2023\/03\/IMG-4784-946x2048.png 946w, https:\/\/pokergeek.be\/wp-content\/uploads\/2023\/03\/IMG-4784.png 1170w\" sizes=\"auto, (max-width: 473px) 100vw, 473px\" \/><\/figure>\n","protected":false},"excerpt":{"rendered":"<p>Rendez vous sur Dans le menu de gauche (Hamburger), cliquez sur \u00ab\u00a0Install App\u00a0\u00bb Cliquez sur l&rsquo;Icone (carr\u00e9 avec une fl\u00e8che), dans le bas de l&rsquo;\u00e9cran. Ensuite, scrollez dans le bas du menu pour s\u00e9lectionner (Install to Home Screen)(Carr\u00e9 avec une croix) Cliquez sur pokergeek.be Cliquez sur \u00ab\u00a0Ajouter\u00a0\u00bb en haut de l&rsquo;\u00e9cran L&rsquo;application POKERGEEK.BE est install\u00e9e<\/p>\n","protected":false},"author":1,"featured_media":0,"parent":0,"menu_order":0,"comment_status":"closed","ping_status":"closed","template":"","meta":{"_monsterinsights_skip_tracking":false,"_monsterinsights_sitenote_active":false,"_monsterinsights_sitenote_note":"","_monsterinsights_sitenote_category":0,"footnotes":""},"class_list":["post-1481","page","type-page","status-publish","hentry"],"_links":{"self":[{"href":"https:\/\/pokergeek.be\/index.php\/wp-json\/wp\/v2\/pages\/1481","targetHints":{"allow":["GET"]}}],"collection":[{"href":"https:\/\/pokergeek.be\/index.php\/wp-json\/wp\/v2\/pages"}],"about":[{"href":"https:\/\/pokergeek.be\/index.php\/wp-json\/wp\/v2\/types\/page"}],"author":[{"embeddable":true,"href":"https:\/\/pokergeek.be\/index.php\/wp-json\/wp\/v2\/users\/1"}],"replies":[{"embeddable":true,"href":"https:\/\/pokergeek.be\/index.php\/wp-json\/wp\/v2\/comments?post=1481"}],"version-history":[{"count":4,"href":"https:\/\/pokergeek.be\/index.php\/wp-json\/wp\/v2\/pages\/1481\/revisions"}],"predecessor-version":[{"id":1948,"href":"https:\/\/pokergeek.be\/index.php\/wp-json\/wp\/v2\/pages\/1481\/revisions\/1948"}],"wp:attachment":[{"href":"https:\/\/pokergeek.be\/index.php\/wp-json\/wp\/v2\/media?parent=1481"}],"curies":[{"name":"wp","href":"https:\/\/api.w.org\/{rel}","templated":true}]}}