{"id":215,"date":"2019-04-17T12:03:05","date_gmt":"2019-04-17T10:03:05","guid":{"rendered":"http:\/\/pokergeek.be\/?page_id=215"},"modified":"2023-02-12T16:28:31","modified_gmt":"2023-02-12T15:28:31","slug":"poker-all-in-club-lessines","status":"publish","type":"page","link":"https:\/\/pokergeek.be\/index.php\/province-du-hainaut\/poker-all-in-club-lessines\/","title":{"rendered":"(27) POKER All-IN CLUB LESSINES"},"content":{"rendered":"\n<h2 class=\"wp-block-heading\"><strong>POKER ALL IN CLUB LESSINES<\/strong><\/h2>\n\n\n\n<figure class=\"wp-block-image is-resized\"><img loading=\"lazy\" decoding=\"async\" src=\"https:\/\/pokergeek.be\/wp-content\/uploads\/2019\/04\/image-1.png\" alt=\"\" class=\"wp-image-216\" width=\"264\" height=\"264\" srcset=\"https:\/\/pokergeek.be\/wp-content\/uploads\/2019\/04\/image-1.png 472w, https:\/\/pokergeek.be\/wp-content\/uploads\/2019\/04\/image-1-150x150.png 150w, https:\/\/pokergeek.be\/wp-content\/uploads\/2019\/04\/image-1-300x300.png 300w\" sizes=\"auto, (max-width: 264px) 100vw, 264px\" \/><\/figure>\n\n\n\n<figure class=\"wp-block-table is-style-stripes\"><table><tbody><tr><td><strong>Association<\/strong><\/td><td>ASBL<\/td><\/tr><tr><td><strong>Site<\/strong><br><\/td><td> <a href=\"http:\/\/pokerallinlessines.e-monsite.com\/\" target=\"_blank\" rel=\"noreferrer noopener\" aria-label=\" (s\u2019ouvre dans un nouvel onglet)\">http:\/\/pokerallinlessines.e-monsite.com\/<\/a> <\/td><\/tr><tr><td><strong>Facebook<\/strong><\/td><td> <a href=\"https:\/\/www.facebook.com\/groups\/567421393344267\/\" target=\"_blank\" rel=\"noreferrer noopener\" aria-label=\" (s\u2019ouvre dans un nouvel onglet)\">https:\/\/www.facebook.com\/groups\/567421393344267\/<\/a><br><\/td><\/tr><tr><td><strong>Local<\/strong><\/td><td><strong> <\/strong><em><strong>LES BALZAMINES<\/strong><\/em><br><\/td><\/tr><tr><td><\/td><td>Chemin du Comte d&rsquo;Egmond 2<br>B-7860 LESSINES<\/td><\/tr><tr><td><strong>Creation<\/strong> <\/td><td>F\u00e9vrier 2010 <\/td><\/tr><tr><td><strong>Contacts<\/strong><\/td><td><a href=\"https:\/\/www.facebook.com\/luigibelinda.delgiaccosoetens\" target=\"_blank\" rel=\"noreferrer noopener\" aria-label=\" (s\u2019ouvre dans un nouvel onglet)\">Luigi Delgiacco<\/a><\/td><\/tr><tr><td><strong>Directeurs de tournoi<\/strong><\/td><td>Philippe Empain<\/td><\/tr><tr><td><strong>Capacit\u00e9<\/strong><\/td><td>60 joueurs<\/td><\/tr><tr><td><strong>Carte de membre<\/strong><\/td><td>non<\/td><\/tr><tr><td><strong>Fidelit\u00e9<\/strong><\/td><td>non<\/td><\/tr><tr><td> <strong>Si\u00e8ge social<\/strong>:  <\/td><td>Num\u00e9ro d&rsquo;entreprise : 822.125.379<br>Rue Comte d&rsquo;Egment,2<br>B-7860 Lessines<\/td><\/tr><\/tbody><\/table><\/figure>\n\n\n\n<h4 class=\"wp-block-heading\"><strong>Tournois<\/strong><\/h4>\n\n\n\n<figure class=\"wp-block-table is-style-stripes\"><table><tbody><tr><td><strong>Type<\/strong><\/td><td><strong>Buy-in<\/strong><\/td><td><strong>Start<\/strong><\/td><td><strong>Stack<\/strong><\/td><td><strong>Rounds<\/strong><\/td><\/tr><tr><td><strong>Vendredi &#8211; Regular<\/strong><br>Championnat<\/td><td>20\u20ac<\/td><td>20:00<\/td><td>20.000 + 2.000<\/td><td>20 min<\/td><\/tr><tr><td><strong>Samedi<\/strong><br>Voir calendrier<\/td><td>20\u20ac<\/td><td>&#8211;<\/td><td>&#8211;<\/td><td>&#8211;<\/td><\/tr><\/tbody><\/table><\/figure>\n\n\n\n<h4 class=\"wp-block-heading\"><\/h4>\n\n\n\n<figure class=\"wp-block-image is-resized\"><img loading=\"lazy\" decoding=\"async\" src=\"https:\/\/static.wixstatic.com\/media\/fc9c58_8eca8cddb9d3474a9b6b0a9b5ac58919~mv2.jpg\" alt=\"R\u00c3\u0083\u00c2\u00a9sultat de recherche d'images pour &quot;calendar&quot;\" width=\"86\" height=\"88\"\/><\/figure>\n\n\n\n<h3 class=\"wp-block-heading\"><strong><a href=\"https:\/\/www.facebook.com\/groups\/567421393344267\/events\/\" target=\"_blank\" rel=\"noreferrer noopener\" aria-label=\" (s\u2019ouvre dans un nouvel onglet)\">Calendrier du club\ufeff<\/a><\/strong><\/h3>\n\n\n\n<p>Acc\u00e9dez au Calendrier du club<\/p>\n\n\n\n<p><\/p>\n\n\n\n<p><strong>Description<\/strong><br><\/p>\n\n\n\n<p>TBC<\/p>\n\n\n\n<h4 class=\"wp-block-heading\"><strong>POKERGEEK Notes <\/strong><\/h4>\n\n\n\n<p>Le club est situ\u00e9 dans une salle pouvant contenir 6 tables. Pour l&rsquo;atteindre, il vous faudra passer par le parking et ensuite par l&rsquo;arri\u00e8re du b\u00e2timent. Une fois \u00e0 l&rsquo;int\u00e9rieur, vous y serez accueilli par Luigi qui derri\u00e8re son PC vous remettra votre place et vos jetons. <\/p>\n\n\n\n<p>J&rsquo;ai trouv\u00e9 ce club tr\u00e8s accueillant et tr\u00e8s amical. Le jeu \u00e0 table se d\u00e9roule tr\u00e8s bien et de fa\u00e7on fluide. Les joueurs plus exp\u00e9riment\u00e9 n&rsquo;h\u00e9sitent pas \u00e0 guider les nouveaux venus.<br>C&rsquo;est le genre de club que l&rsquo;on recommande pour passer une bonne soir\u00e9e entre amis.<\/p>\n\n\n\n<p>Coupe obligatoire : OK<br>Tire le Rabbit : Non<br><br><br><\/p>\n\n\n\n<p>Derni\u00e8re visite PokerGeek : <strong>24\/05\/2019<\/strong><br><\/p>\n\n\n\n<figure class=\"wp-block-image\"><img decoding=\"async\" src=\"https:\/\/scontent.fbru2-1.fna.fbcdn.net\/v\/t1.0-9\/46933406_2277689129159106_8493702121701507072_n.jpg?_nc_cat=108&amp;_nc_ht=scontent.fbru2-1.fna&amp;oh=b1534eb9b24e10b2ad03ff85f0d94f65&amp;oe=5D3CE1C8\" alt=\"L\u00e2\u0080\u0099image contient peut-\u00c3\u00aatre\u00c2\u00a0: int\u00c3\u00a9rieur\"\/><figcaption class=\"wp-element-caption\">Chips set<\/figcaption><\/figure>\n\n\n\n<figure class=\"wp-block-image\"><img decoding=\"async\" src=\"https:\/\/scontent.fbru2-1.fna.fbcdn.net\/v\/t1.0-9\/46058315_194721018101646_3468000875350327296_n.jpg?_nc_cat=110&amp;_nc_ht=scontent.fbru2-1.fna&amp;oh=08164c15186b972d1f5694cc6d7f035e&amp;oe=5D49CF1E\" alt=\"L\u00e2\u0080\u0099image contient peut-\u00c3\u00aatre\u00c2\u00a0: 3 personnes, personnes souriantes, int\u00c3\u00a9rieur\"\/><\/figure>\n\n\n\n<p><br><\/p>\n","protected":false},"excerpt":{"rendered":"<p>POKER ALL IN CLUB LESSINES Association ASBL Site http:\/\/pokerallinlessines.e-monsite.com\/ Facebook https:\/\/www.facebook.com\/groups\/567421393344267\/ Local LES BALZAMINES Chemin du Comte d&rsquo;Egmond 2B-7860 LESSINES Creation F\u00e9vrier 2010 Contacts Luigi Delgiacco Directeurs de tournoi Philippe Empain Capacit\u00e9 60 joueurs Carte de membre non Fidelit\u00e9 non Si\u00e8ge social: Num\u00e9ro d&rsquo;entreprise : 822.125.379Rue Comte d&rsquo;Egment,2B-7860 Lessines Tournois Type Buy-in Start Stack Rounds [&hellip;]<\/p>\n","protected":false},"author":1,"featured_media":0,"parent":266,"menu_order":0,"comment_status":"closed","ping_status":"closed","template":"","meta":{"_monsterinsights_skip_tracking":false,"_monsterinsights_sitenote_active":false,"_monsterinsights_sitenote_note":"","_monsterinsights_sitenote_category":0,"footnotes":""},"class_list":["post-215","page","type-page","status-publish","hentry"],"_links":{"self":[{"href":"https:\/\/pokergeek.be\/index.php\/wp-json\/wp\/v2\/pages\/215","targetHints":{"allow":["GET"]}}],"collection":[{"href":"https:\/\/pokergeek.be\/index.php\/wp-json\/wp\/v2\/pages"}],"about":[{"href":"https:\/\/pokergeek.be\/index.php\/wp-json\/wp\/v2\/types\/page"}],"author":[{"embeddable":true,"href":"https:\/\/pokergeek.be\/index.php\/wp-json\/wp\/v2\/users\/1"}],"replies":[{"embeddable":true,"href":"https:\/\/pokergeek.be\/index.php\/wp-json\/wp\/v2\/comments?post=215"}],"version-history":[{"count":9,"href":"https:\/\/pokergeek.be\/index.php\/wp-json\/wp\/v2\/pages\/215\/revisions"}],"predecessor-version":[{"id":1414,"href":"https:\/\/pokergeek.be\/index.php\/wp-json\/wp\/v2\/pages\/215\/revisions\/1414"}],"up":[{"embeddable":true,"href":"https:\/\/pokergeek.be\/index.php\/wp-json\/wp\/v2\/pages\/266"}],"wp:attachment":[{"href":"https:\/\/pokergeek.be\/index.php\/wp-json\/wp\/v2\/media?parent=215"}],"curies":[{"name":"wp","href":"https:\/\/api.w.org\/{rel}","templated":true}]}}