{"id":747,"date":"2020-02-06T18:03:41","date_gmt":"2020-02-06T17:03:41","guid":{"rendered":"http:\/\/pokergeek.be\/?page_id=747"},"modified":"2020-02-06T18:03:41","modified_gmt":"2020-02-06T17:03:41","slug":"poker-club-waasland","status":"publish","type":"page","link":"https:\/\/pokergeek.be\/index.php\/poker-club-waasland\/","title":{"rendered":"POKER CLUB WAASLAND"},"content":{"rendered":"\n<h2 class=\"wp-block-heading\"><strong>Poker Club Waasland<\/strong><\/h2>\n\n\n\n<figure class=\"wp-block-image is-resized\"><img loading=\"lazy\" decoding=\"async\" src=\"https:\/\/pokergeek.be\/wp-content\/uploads\/2020\/02\/pcwaasland-logon.jpg\" alt=\"\" class=\"wp-image-749\" width=\"293\" height=\"165\" srcset=\"https:\/\/pokergeek.be\/wp-content\/uploads\/2020\/02\/pcwaasland-logon.jpg 960w, https:\/\/pokergeek.be\/wp-content\/uploads\/2020\/02\/pcwaasland-logon-300x169.jpg 300w, https:\/\/pokergeek.be\/wp-content\/uploads\/2020\/02\/pcwaasland-logon-768x432.jpg 768w\" sizes=\"auto, (max-width: 293px) 100vw, 293px\" \/><\/figure>\n\n\n\n<table class=\"wp-block-table is-style-stripes\"><tbody><tr><td><strong>Association<\/strong><\/td><td>&#8211;<\/td><\/tr><tr><td><strong>Site<\/strong><br><\/td><td>&#8211;<\/td><\/tr><tr><td><strong>Facebook<\/strong><\/td><td> <a href=\"https:\/\/www.facebook.com\/groups\/538964056496437\/\" target=\"_blank\" rel=\"noreferrer noopener\" aria-label=\" (s\u2019ouvre dans un nouvel onglet)\">https:\/\/www.facebook.com\/groups\/538964056496437\/<\/a><br><\/td><\/tr><tr><td><strong>Local<\/strong><\/td><td><strong>Cafe Breughel,<\/strong><\/td><\/tr><tr><td><\/td><td>Cauwerburg 184<br>B-9140 TEMSE   <br><\/td><\/tr><tr><td> <strong>Creation<\/strong> <\/td><td>Jan. 2019<\/td><\/tr><tr><td><strong>Contact<\/strong><\/td><td><a href=\"https:\/\/www.facebook.com\/kenny.pauwels.75?eid=ARB8Fio73OiIP0nSGNEa1AF8SCel7km2m5tBFb4fle7RCazSTYFjfnylsPLOL2QMiyJIsZqEUVdGKkty\">Kenny Pauwels<\/a> <br>Pascal Tot\u00e9<\/td><\/tr><tr><td>e-mail<\/td><td>&#8211;<\/td><\/tr><tr><td><strong>Directeurs de tournoi<\/strong> <\/td><td>&#8211;<\/td><\/tr><tr><td><strong>Capacit\u00e9<\/strong><\/td><td>&#8211; places<\/td><\/tr><tr><td><strong>Carte de membre<\/strong> <\/td><td>&#8211;<\/td><\/tr><tr><td><strong>Fidelit\u00e9<\/strong> <\/td><td>&#8211;<\/td><\/tr><tr><td><strong>Entreprise<\/strong>:<\/td><td>&#8211;<\/td><\/tr><tr><td><br><\/td><td>&#8211;<\/td><\/tr><tr><td><\/td><td>&#8211;<\/td><\/tr><\/tbody><\/table>\n\n\n\n<h2 class=\"wp-block-heading\"><strong>Tournois<\/strong><\/h2>\n\n\n\n<table class=\"wp-block-table is-style-stripes\"><tbody><tr><td>Regular<\/td><td><strong>Buy-in<\/strong><\/td><td><strong>Start<\/strong><\/td><td><strong>Rounds<\/strong><\/td><td><strong>Stack<\/strong><\/td><td><strong>Rebuy<\/strong><\/td><td><strong>Rooms<\/strong><\/td><td><\/td><td><\/td><\/tr><tr><td><strong>Mandag<\/strong><br><\/td><td>20\u20ac<\/td><td>20:00<\/td><td>12 min<br><\/td><td>20.000+2,5k<\/td><td>No<\/td><td>Caf\u00e9 Breughel <\/td><td><\/td><td><\/td><\/tr><\/tbody><\/table>\n\n\n\n<p><strong>D<\/strong><br><\/p>\n\n\n\n<p><strong>Calendrier du Club<\/strong><\/p>\n\n\n\n<h2 class=\"wp-block-heading\"><strong>Description<\/strong><\/h2>\n\n\n<p><!--EndFragment--><\/p>\n<div dir=\"auto\">\n<h3><span style=\"font-size: 15px;\">Hallo poker vrienden en vriendinnen,<\/span><\/h3>\n<h3><span style=\"font-size: 15px;\">Omdat we het spelletje zo <span class=\"text_exposed_show\">graag spelen en er maar niet genoeg van krijgen is het idee ontstaan om zelf een poging te doen events te organiseren van ons geliefd spel.<\/span><\/span><\/h3>\n<h3><span style=\"font-size: 15px;\"><span class=\"text_exposed_show\">We zijn een beginnende pokerclub waar iedereen welkom is om een handje mee te komen leggen.<br \/>Vanaf woensdag 28\/02 zullen we wekelijks om 20u<br \/>een event(je) organiseren in Temse.<br \/><br \/>Uitkijkend u te mogen ontvangen op een van deze events!<br \/><br \/>#flopmehappy<\/span>tion<\/span><\/h3>\n<\/div>\n\n\n<h4 class=\"wp-block-heading\"><strong>POKERGEEK Notes<\/strong><\/h4>\n\n\n\n<p>&#8212;<\/p>\n\n\n\n<p>Derni\u00e8re visite PokerGeek :NA<\/p>\n\n\n\n<p><\/p>\n","protected":false},"excerpt":{"rendered":"<p>Poker Club Waasland Association &#8211; Site &#8211; Facebook https:\/\/www.facebook.com\/groups\/538964056496437\/ Local Cafe Breughel, Cauwerburg 184B-9140 TEMSE Creation Jan. 2019 Contact Kenny Pauwels Pascal Tot\u00e9 e-mail &#8211; Directeurs de tournoi &#8211; Capacit\u00e9 &#8211; places Carte de membre &#8211; Fidelit\u00e9 &#8211; Entreprise: &#8211; &#8211; &#8211; Tournois Regular Buy-in Start Rounds Stack Rebuy Rooms Mandag 20\u20ac 20:00 12 min [&hellip;]<\/p>\n","protected":false},"author":1,"featured_media":0,"parent":0,"menu_order":0,"comment_status":"closed","ping_status":"closed","template":"","meta":{"_monsterinsights_skip_tracking":false,"_monsterinsights_sitenote_active":false,"_monsterinsights_sitenote_note":"","_monsterinsights_sitenote_category":0,"footnotes":""},"class_list":["post-747","page","type-page","status-publish","hentry"],"_links":{"self":[{"href":"https:\/\/pokergeek.be\/index.php\/wp-json\/wp\/v2\/pages\/747","targetHints":{"allow":["GET"]}}],"collection":[{"href":"https:\/\/pokergeek.be\/index.php\/wp-json\/wp\/v2\/pages"}],"about":[{"href":"https:\/\/pokergeek.be\/index.php\/wp-json\/wp\/v2\/types\/page"}],"author":[{"embeddable":true,"href":"https:\/\/pokergeek.be\/index.php\/wp-json\/wp\/v2\/users\/1"}],"replies":[{"embeddable":true,"href":"https:\/\/pokergeek.be\/index.php\/wp-json\/wp\/v2\/comments?post=747"}],"version-history":[{"count":2,"href":"https:\/\/pokergeek.be\/index.php\/wp-json\/wp\/v2\/pages\/747\/revisions"}],"predecessor-version":[{"id":750,"href":"https:\/\/pokergeek.be\/index.php\/wp-json\/wp\/v2\/pages\/747\/revisions\/750"}],"wp:attachment":[{"href":"https:\/\/pokergeek.be\/index.php\/wp-json\/wp\/v2\/media?parent=747"}],"curies":[{"name":"wp","href":"https:\/\/api.w.org\/{rel}","templated":true}]}}